{"id":83,"date":"2025-04-24T16:19:58","date_gmt":"2025-04-24T16:19:58","guid":{"rendered":"https:\/\/poszeidon-mentok.hu\/?page_id=83"},"modified":"2026-02-03T06:34:44","modified_gmt":"2026-02-03T06:34:44","slug":"uef","status":"publish","type":"page","link":"https:\/\/poszeidon-mentok.hu\/?page_id=83","title":{"rendered":"UEF MINT B\u00daV\u00c1R         SZERVEZET"},"content":{"rendered":"\n<figure class=\"wp-block-image size-full\"><img loading=\"lazy\" decoding=\"async\" width=\"1014\" height=\"213\"  data-gnlv=\"hey\" src=\"https:\/\/poszeidon-mentok.hu\/wp-content\/uploads\/2024\/08\/Screenshot-2024-08-01-at-17-24-00-UEF-buvartanfolyam-buvar-buvaroktatas-buvar-oktatas-buvaroktato.png\" alt=\"\" class=\"wp-image-15\" srcset=\"https:\/\/poszeidon-mentok.hu\/wp-content\/uploads\/2024\/08\/Screenshot-2024-08-01-at-17-24-00-UEF-buvartanfolyam-buvar-buvaroktatas-buvar-oktatas-buvaroktato.png 1014w, https:\/\/poszeidon-mentok.hu\/wp-content\/uploads\/2024\/08\/Screenshot-2024-08-01-at-17-24-00-UEF-buvartanfolyam-buvar-buvaroktatas-buvar-oktatas-buvaroktato-300x63.png 300w, https:\/\/poszeidon-mentok.hu\/wp-content\/uploads\/2024\/08\/Screenshot-2024-08-01-at-17-24-00-UEF-buvartanfolyam-buvar-buvaroktatas-buvar-oktatas-buvaroktato-768x161.png 768w\" sizes=\"auto, (max-width: 1014px) 100vw, 1014px\" \/><\/figure>\n\n\n\n<div class=\"wp-block-group alignwide has-global-padding is-layout-constrained wp-block-group-is-layout-constrained\">\n<h1 class=\"wp-block-heading alignwide has-text-align-center has-xx-large-font-size\" style=\"line-height:1.2\">  A biztons\u00e1gos mer\u00fcl\u00e9s felt\u00e9tele<\/h1>\n\n\n\n<p>A tengerek m\u00e9ly\u00e9t biztons\u00e1gban felfedezhetj\u00fck, ha \u00fagy v\u00e1gunk neki a kalandnak, hogy megfelel\u0151 ismeretekkel \u00e9s gyakorlattal rendelkez\u00fcnk. Komolyabb mer\u00fcl\u00e9sekre csak szakk\u00e9pzetts\u00e9g \u2013 \u00e9s az ezt bizony\u00edt\u00f3 b\u00fav\u00e1rigazolv\u00e1ny \u2013 birtok\u00e1ban v\u00e1llalkozhatunk. Ezeket t\u00f6bb b\u00fav\u00e1riskol\u00e1ban is meg lehet szerezni \u2013 az al\u00e1bbiakban megtudhatod, hogy mi\u00e9rt pont n\u00e1lunk \u00e9rdemes.<\/p>\n\n\n\n<h3 class=\"wp-block-heading\">Elk\u00eds\u00e9r\u00fcnk a kezd\u0151t\u0151l az oktat\u00f3i szintig<\/h3>\n\n\n\n<p>Egy kezd\u0151 b\u00fav\u00e1rnak nemcsak m\u00e1st, hanem m\u00e1shogy is kell tan\u00edtani, mint egy halad\u00f3nak, pl\u00e1ne pedig annak, aki maga is oktat\u00f3 szeretne lenni. A UEF rendszer\u00e9be tagoz\u00f3dott b\u00fav\u00e1riskol\u00e1kban, minden szinten szakk\u00e9pzett \u00e9s tapasztalt oktat\u00f3k tan\u00edtanak, akik megtal\u00e1lj\u00e1k a hangot a gyermekekkel, feln\u0151ttekkel, id\u0151sebbekkel, kezd\u0151kkel \u00e9s halad\u00f3kkal egyar\u00e1nt. Sok olyan t\u00f6rt\u00e9nettel tal\u00e1lkoztunk m\u00e1r, hogy valaki csak alapszinten szerette volna elsaj\u00e1t\u00edtani a b\u00fav\u00e1rkod\u00e1st, mert a k\u00f6vetkez\u0151 ny\u00e1ron egy tr\u00f3pusi szigetre k\u00e9sz\u00fclt, de mer\u00fcl\u00e9sei sor\u00e1n annyi \u00e9lm\u00e9nyt kapott, hogy sz\u00e1m\u00e1ra m\u00e1r nem is volt k\u00e9rd\u00e9s, meg sem \u00e1ll az oktat\u00f3i szintig. N\u00e1lunk kezd\u0151t\u0151l az oktat\u00f3ig tanulhat b\u00e1rki; szintr\u0151l szintre l\u00e9pve. Tanulm\u00e1nyai sor\u00e1n nem kell m\u00e1sik oktat\u00e1si rendszert keresnie, mert a UEF rendszer\u00e9ben minden tanfolyam megtal\u00e1lhat\u00f3. A m\u00e1r megismert \u00e9s megkedvelt oktat\u00f3k tan\u00edtanak v\u00e9gig; akikben m\u00e1r megb\u00edzol, \u00e9s te is meggy\u0151z\u0151dt\u00e9l szak\u00e9rtelm\u00fckr\u0151l.<\/p>\n\n\n\n<h3 class=\"wp-block-heading\">Tapasztalt oktat\u00f3kkal dolgozunk<\/h3>\n\n\n\n<p>Oktat\u00f3ink mindegyike k\u00e9pzett \u00e9s gyakorlott szakember. Csak olyanokkal m\u0171k\u00f6d\u00fcnk egy\u00fctt, akik szak\u00e9rtelm\u00e9r\u0151l oktat\u00f3i tanfolyam \u00e9s vizsga keretein bel\u00fcl meggy\u0151z\u0151dt\u00fcnk, mert tiszt\u00e1ban vagyunk vele, hogy megfelel\u0151 j\u00e1rtass\u00e1g h\u00edj\u00e1n ez a szakma vesz\u00e9lyes is lehet. Oktat\u00f3ink azonban nemcsak remek szakemberek, hanem kiv\u00e1l\u00f3 tan\u00e1rok is. Megtal\u00e1lj\u00e1k a hangot a k\u00fcl\u00f6nb\u00f6z\u0151 kor\u00fa, nem\u0171 \u00e9s foglalkoz\u00e1s\u00fa hallgat\u00f3kkal egyar\u00e1nt. T\u00fcrelmesek \u00e9s empatikusak, \u00e9s igyekeznek \u00e9rthet\u0151en \u00e9s szeml\u00e9letesen magyar\u00e1zni. Tiszt\u00e1ban vannak vele, hogy egy a b\u00fav\u00e1rkod\u00e1s alapjaival m\u00e9g csak most ismerked\u0151 hallgat\u00f3val nem lehet \u00fagy besz\u00e9lni, mint egy halad\u00f3val, aki m\u00e1r \u00e9vek \u00f3ta mer\u00fcl. Mindenkivel \u00fagy ismertetik a tananyagot, hogy azt az illet\u0151 val\u00f3ban meg\u00e9rtse, \u00e9s k\u00f6nnyed\u00e9n el tudja saj\u00e1t\u00edtani. A v\u00edz alatti k\u00e9pz\u00e9s sor\u00e1n alkalmazott gyakorlatsorok egym\u00e1sra \u00e9p\u00fclnek \u00e9s sok benn\u00fck az ism\u00e9tl\u00e9s, ez\u00e9rt egy oktat\u00f3 seg\u00edts\u00e9g\u00e9vel szinte j\u00e1tszva megtanulhat\u00f3. A UEF rendszerben tan\u00edt\u00f3 oktat\u00f3k egys\u00e9ges szab\u00e1lyok \u00e9s tanrend szerint oktatnak, ez\u00e9rt biztos lehetsz benne, hogy a vil\u00e1gon mindenhol ugyanazt fogj\u00e1k tan\u00edtani neked egy UEF b\u00fav\u00e1riskol\u00e1ban vagy training centerben.<\/p>\n\n\n\n<h3 class=\"wp-block-heading\">N\u00e1lunk nemcsak tanulhatsz, hanem vizsg\u00e1zhatsz is<\/h3>\n\n\n\n<p>Ha n\u00e1lunk, a mi tananyagaink seg\u00edts\u00e9g\u00e9vel ismerkedsz meg a b\u00fav\u00e1rkod\u00e1s rejtelmeivel a kezd\u0151t\u0151l ak\u00e1r eg\u00e9szen az oktat\u00f3i szintig, egy-egy tanfolyam ut\u00e1n a vizsg\u00e1t is leteheted n\u00e1lunk, nem kell \u00faj int\u00e9zm\u00e9nyt keresned. Sikeres vizsga eset\u00e9n a v\u00e9gzetts\u00e9get igazol\u00f3 k\u00e1rty\u00e1t \u00e9s az oklevelet is mi k\u00e9sz\u00edtj\u00fck el a kik\u00e9pzett b\u00fav\u00e1roknak. Ha megvan a v\u00e1gyott tud\u00e1s \u00e9s k\u00e9pes\u00edt\u00e9s, nem musz\u00e1j meg\u00e1llni: kis gyakorl\u00e1s ut\u00e1n m\u00e1ris tov\u00e1bbl\u00e9phetsz a k\u00f6vetkez\u0151 szintre, \u00e9s gyermekb\u00fav\u00e1rb\u00f3l ny\u00edlt v\u00edzi b\u00fav\u00e1rr\u00e1 vagy halad\u00f3 ny\u00edlt v\u00edzi b\u00fav\u00e1rb\u00f3l ment\u0151b\u00fav\u00e1rr\u00e1 v\u00e1lhatsz.<\/p>\n\n\n\n<h3 class=\"wp-block-heading\">Ha k\u00e9s\u00fcnk a b\u00fav\u00e1rigazolv\u00e1nyod elk\u00e9sz\u00edt\u00e9s\u00e9vel, visszafizetj\u00fck annak d\u00edj\u00e1t<\/h3>\n\n\n\n<p>A korszer\u0171 tananyagoknak, oktat\u00e1si m\u00f3dszereknek \u00e9s nem utols\u00f3sorban kit\u0171n\u0151 oktat\u00f3i csapatunknak k\u00f6sz\u00f6nhet\u0151en tan\u00edtv\u00e1nyaink jelent\u0151s r\u00e9sze sikeres b\u00fav\u00e1rvizsg\u00e1t tesz. Kiemelt fontoss\u00e1g\u00fanak tartjuk, hogy a vizsg\u00e1t tan\u00fas\u00edt\u00f3 igazolv\u00e1nyt a lehet\u0151 leggyorsabban eljuttassuk \u00fajdons\u00fclt b\u00fav\u00e1rainkhoz. A UEF-n\u00e9l ismeretlen fogalom a h\u00f3napokig tart\u00f3, sokszor hi\u00e1baval\u00f3 v\u00e1rakoz\u00e1s az elk\u00e9sz\u00fclt igazolv\u00e1nyokra. A sikeres vizsg\u00e1t k\u00f6vet\u0151en az oktat\u00f3d elk\u00fcldi a regisztr\u00e1ci\u00f3s adatlapot a UEF k\u00f6zpontnak ahol a be\u00e9rkez\u00e9st k\u00f6vet\u0151en azonnal elk\u00e9sz\u00edtik az ig\u00e9nyelt b\u00fav\u00e1rigazolv\u00e1nyt. Az elk\u00e9sz\u00fclt k\u00e1rty\u00e1t az oktat\u00f3 ak\u00e1r m\u00e1r aznap \u00e1tveheti, de post\u00e1n a vil\u00e1g b\u00e1rmely pontj\u00e1ra sz\u00edvesen elk\u00fcldj\u00fck. A UEF egyed\u00fcl\u00e1ll\u00f3 m\u00f3don garanci\u00e1t v\u00e1llal arra, hogy az ig\u00e9nyelt igazolv\u00e1nyt a vizsgajegyz\u0151k\u00f6nyv be\u00e9rkez\u00e9s\u00e9t\u0151l sz\u00e1m\u00edtott legk\u00e9s\u0151bb egy h\u00e9ten bel\u00fcl \u00e1tadja, vagy post\u00e1ra adja.<\/p>\n\n\n\n<p>Ha ez nem t\u00f6rt\u00e9nne meg id\u0151ben, \u00e9s bizony\u00edthat\u00f3an a UEF hib\u00e1j\u00e1b\u00f3l k\u00e9sik az igazolv\u00e1ny \u00fagy annak d\u00edj\u00e1t automatikusan az oktat\u00f3n kereszt\u00fcl visszafizetj\u00fck. Term\u00e9szetesen a d\u00edj visszafizet\u00e9s ellen\u00e9re az igazolv\u00e1nyt mindenk\u00e9ppen elk\u00fcldj\u00fck az \u00e9rintett b\u00fav\u00e1rnak. Irod\u00e1nkban az elveszett igazolv\u00e1nyok p\u00f3tl\u00e1s\u00e1ra is van lehet\u0151s\u00e9g. <\/p>\n\n\n\n<p>Ugyan\u00fagy foglalkozunk gyermekekkel, mint feln\u0151ttekkel, s\u0151t, nem ritka, hogy ak\u00e1r id\u0151s\u00f6d\u0151 emberek keresnek meg minket azzal, hogy b\u00fav\u00e1rkodni szeretn\u00e9nek. Ez a szenved\u00e9ly nem korhat\u00e1ros: aki j\u00f3 fizikai er\u0151nl\u00e9ttel b\u00edr, eg\u00e9szs\u00e9ges \u00e9s tud \u00faszni az elsaj\u00e1t\u00edthatja ezt a k\u00fcl\u00f6nleges hobbit, amit ak\u00e1r nevezhetn\u00e9nk v\u00edzalatti term\u00e9szetj\u00e1r\u00e1snak is. Ez nem nyelvtanfolyam, ahol nyelv\u00e9rz\u00e9k h\u00edj\u00e1n ne lehetne tov\u00e1bb eljutni egy bizonyos szintn\u00e9l. Ez egy sport, amelynek b\u00e1r szigor\u00fa szab\u00e1lyai vannak, elsaj\u00e1t\u00edt\u00e1sa k\u00f6zben szinte kiker\u00fclhetetlen, hogy bele ne szeress\u00fcnk, \u00e9s ne akarjunk m\u00e9g szorgalmasabban \u00e9s m\u00e9g t\u00f6bbet tanulni, hogy m\u00e9g gyakrabban, m\u00e9g v\u00e1ltozatosabb k\u00f6r\u00fclm\u00e9nyek k\u00f6z\u00f6tt, m\u00e9g egzotikusabb vizekben mer\u00fclhess\u00fcnk. Ha az eg\u00e9sz csal\u00e1d elutazna nyaralni egy tr\u00f3pusi szigetre, a nagypap\u00e1t\u00f3l az unok\u00e1ig mi mindenkit felk\u00e9sz\u00edt\u00fcnk arra, hogy ne csak a partr\u00f3l szeml\u00e9lhesse a tengert \u00e9s \u00e9l\u0151vil\u00e1g\u00e1t, hanem k\u00f6zvetlen k\u00f6zelr\u0151l is<\/p>\n\n\n\n<p><\/p>\n\n\n\n<figure class=\"wp-block-gallery has-nested-images columns-default is-cropped wp-block-gallery-1 is-layout-flex wp-block-gallery-is-layout-flex\">\n<figure class=\"wp-block-image size-large\"><img loading=\"lazy\" decoding=\"async\" width=\"1000\" height=\"749\" data-id=\"70\" src=\"https:\/\/poszeidon-mentok.hu\/wp-content\/uploads\/2024\/08\/sc.jpg\" alt=\"\" class=\"wp-image-70\" srcset=\"https:\/\/poszeidon-mentok.hu\/wp-content\/uploads\/2024\/08\/sc.jpg 1000w, https:\/\/poszeidon-mentok.hu\/wp-content\/uploads\/2024\/08\/sc-300x225.jpg 300w, https:\/\/poszeidon-mentok.hu\/wp-content\/uploads\/2024\/08\/sc-768x575.jpg 768w\" sizes=\"auto, (max-width: 1000px) 100vw, 1000px\" \/><\/figure>\n\n\n\n<figure class=\"wp-block-image size-large\"><img loading=\"lazy\" decoding=\"async\" width=\"900\" height=\"500\" data-id=\"59\" src=\"https:\/\/poszeidon-mentok.hu\/wp-content\/uploads\/2025\/04\/scuba-diving-course-4.jpg\" alt=\"\" class=\"wp-image-59\" srcset=\"https:\/\/poszeidon-mentok.hu\/wp-content\/uploads\/2025\/04\/scuba-diving-course-4.jpg 900w, https:\/\/poszeidon-mentok.hu\/wp-content\/uploads\/2025\/04\/scuba-diving-course-4-300x167.jpg 300w, https:\/\/poszeidon-mentok.hu\/wp-content\/uploads\/2025\/04\/scuba-diving-course-4-768x427.jpg 768w\" sizes=\"auto, (max-width: 900px) 100vw, 900px\" \/><\/figure>\n\n\n\n<figure class=\"wp-block-image size-large\"><img loading=\"lazy\" decoding=\"async\" width=\"600\" height=\"400\" data-id=\"17\" src=\"https:\/\/poszeidon-mentok.hu\/wp-content\/uploads\/2024\/08\/Scuba-Diving.jpg\" alt=\"\" class=\"wp-image-17\" srcset=\"https:\/\/poszeidon-mentok.hu\/wp-content\/uploads\/2024\/08\/Scuba-Diving.jpg 600w, https:\/\/poszeidon-mentok.hu\/wp-content\/uploads\/2024\/08\/Scuba-Diving-300x200.jpg 300w\" sizes=\"auto, (max-width: 600px) 100vw, 600px\" \/><\/figure>\n\n\n\n<figure class=\"wp-block-image size-large\"><img loading=\"lazy\" decoding=\"async\" width=\"236\" height=\"189\" data-id=\"14\" src=\"https:\/\/poszeidon-mentok.hu\/wp-content\/uploads\/2024\/08\/fasi_w.jpg\" alt=\"\" class=\"wp-image-14\"\/><\/figure>\n\n\n\n<figure class=\"wp-block-image size-large\"><img loading=\"lazy\" decoding=\"async\" width=\"736\" height=\"733\" data-id=\"129\" src=\"https:\/\/poszeidon-mentok.hu\/wp-content\/uploads\/2024\/08\/specialscuba.jpg\" alt=\"\" class=\"wp-image-129\" srcset=\"https:\/\/poszeidon-mentok.hu\/wp-content\/uploads\/2024\/08\/specialscuba.jpg 736w, https:\/\/poszeidon-mentok.hu\/wp-content\/uploads\/2024\/08\/specialscuba-300x300.jpg 300w, https:\/\/poszeidon-mentok.hu\/wp-content\/uploads\/2024\/08\/specialscuba-150x150.jpg 150w\" sizes=\"auto, (max-width: 736px) 100vw, 736px\" \/><\/figure>\n\n\n\n<figure class=\"wp-block-image size-large\"><img loading=\"lazy\" decoding=\"async\" width=\"768\" height=\"576\" data-id=\"135\" src=\"https:\/\/poszeidon-mentok.hu\/wp-content\/uploads\/2024\/08\/specalscuba1.jpg\" alt=\"\" class=\"wp-image-135\" srcset=\"https:\/\/poszeidon-mentok.hu\/wp-content\/uploads\/2024\/08\/specalscuba1.jpg 768w, https:\/\/poszeidon-mentok.hu\/wp-content\/uploads\/2024\/08\/specalscuba1-300x225.jpg 300w\" sizes=\"auto, (max-width: 768px) 100vw, 768px\" \/><\/figure>\n\n\n\n<figure class=\"wp-block-image size-large\"><img loading=\"lazy\" decoding=\"async\" width=\"563\" height=\"701\" data-id=\"80\" src=\"https:\/\/poszeidon-mentok.hu\/wp-content\/uploads\/2024\/08\/mentes.jpg\" alt=\"\" class=\"wp-image-80\" srcset=\"https:\/\/poszeidon-mentok.hu\/wp-content\/uploads\/2024\/08\/mentes.jpg 563w, https:\/\/poszeidon-mentok.hu\/wp-content\/uploads\/2024\/08\/mentes-241x300.jpg 241w\" sizes=\"auto, (max-width: 563px) 100vw, 563px\" \/><\/figure>\n<\/figure>\n<\/div>\n\n\n\n<div class=\"wp-block-group alignfull has-global-padding is-layout-constrained wp-container-core-group-is-layout-0747478d wp-block-group-is-layout-constrained\" style=\"padding-top:var(--wp--preset--spacing--50);padding-right:var(--wp--preset--spacing--50);padding-bottom:var(--wp--preset--spacing--50);padding-left:var(--wp--preset--spacing--50)\">\n<p class=\"has-text-align-center\">\ud83c\udf93 UEF tanfolyamok el\u0151nyei<\/p>\n\n\n\n<p class=\"has-text-align-center\"><strong>Nemzetk\u00f6zi elismer\u00e9s<\/strong>: A UEF min\u0151s\u00edt\u00e9seit vil\u00e1gszerte elfogadj\u00e1k, \u00edgy b\u00e1rhol b\u00fav\u00e1rkodhatsz.\u200b<\/p>\n\n\n\n<p><strong>Magyar nyelv\u0171 oktat\u00e1si anyagok<\/strong>: A tananyagok teljes m\u00e9rt\u00e9kben magyar nyelven \u00e9rhet\u0151k el, ami megk\u00f6nny\u00edti a tanul\u00e1st.\u200b<\/p>\n\n\n\n<p><strong>Gyors igazolv\u00e1nykiad\u00e1s<\/strong>: A tanfolyam elv\u00e9gz\u00e9se ut\u00e1n r\u00f6vid id\u0151n bel\u00fcl k\u00e9zhez kapod a nemzetk\u00f6zi b\u00fav\u00e1rigazolv\u00e1nyodat.\u200b<\/p>\n\n\n\n<p><strong>Online tanul\u00e1si lehet\u0151s\u00e9g<\/strong>: Ha nem tudsz r\u00e9szt venni az elm\u00e9leti \u00f3r\u00e1kon, otthonr\u00f3l is felk\u00e9sz\u00fclhetsz a vizsg\u00e1ra. \u200b<a href=\"https:\/\/uef.hu\/buvartanfolyam?utm_source=chatgpt.com\" target=\"_blank\" rel=\"noreferrer noopener\">uef.hu<\/a><\/p>\n<\/div>\n\n\n\n<p><\/p>\n","protected":false},"excerpt":{"rendered":"<p>A biztons\u00e1gos mer\u00fcl\u00e9s felt\u00e9tele A tengerek m\u00e9ly\u00e9t biztons\u00e1gban felfedezhetj\u00fck, ha \u00fagy v\u00e1gunk neki a kalandnak, hogy megfelel\u0151 ismeretekkel \u00e9s gyakorlattal rendelkez\u00fcnk. Komolyabb mer\u00fcl\u00e9sekre csak szakk\u00e9pzetts\u00e9g \u2013 \u00e9s az ezt bizony\u00edt\u00f3 b\u00fav\u00e1rigazolv\u00e1ny \u2013 birtok\u00e1ban v\u00e1llalkozhatunk. Ezeket t\u00f6bb b\u00fav\u00e1riskol\u00e1ban is meg lehet szerezni \u2013 az al\u00e1bbiakban megtudhatod, hogy mi\u00e9rt pont n\u00e1lunk \u00e9rdemes. Elk\u00eds\u00e9r\u00fcnk a kezd\u0151t\u0151l az oktat\u00f3i [&hellip;]<\/p>\n","protected":false},"author":1,"featured_media":0,"parent":0,"menu_order":0,"comment_status":"closed","ping_status":"closed","template":"","meta":{"footnotes":""},"class_list":["post-83","page","type-page","status-publish","hentry"],"yoast_head":"<!-- This site is optimized with the Yoast SEO plugin v27.2 - https:\/\/yoast.com\/product\/yoast-seo-wordpress\/ -->\n<title>UEF MINT B\u00daV\u00c1R     SZERVEZET - Poszeidon Speci\u00e1lis Ment\u0151szolg\u00e1lat<\/title>\n<meta name=\"robots\" content=\"index, follow, max-snippet:-1, max-image-preview:large, max-video-preview:-1\" \/>\n<link rel=\"canonical\" href=\"https:\/\/poszeidon-mentok.hu\/?page_id=83\" \/>\n<meta property=\"og:locale\" content=\"hu_HU\" \/>\n<meta property=\"og:type\" content=\"article\" \/>\n<meta property=\"og:title\" content=\"UEF MINT B\u00daV\u00c1R     SZERVEZET - Poszeidon Speci\u00e1lis Ment\u0151szolg\u00e1lat\" \/>\n<meta property=\"og:description\" content=\"A biztons\u00e1gos mer\u00fcl\u00e9s felt\u00e9tele A tengerek m\u00e9ly\u00e9t biztons\u00e1gban felfedezhetj\u00fck, ha \u00fagy v\u00e1gunk neki a kalandnak, hogy megfelel\u0151 ismeretekkel \u00e9s gyakorlattal rendelkez\u00fcnk. Komolyabb mer\u00fcl\u00e9sekre csak szakk\u00e9pzetts\u00e9g \u2013 \u00e9s az ezt bizony\u00edt\u00f3 b\u00fav\u00e1rigazolv\u00e1ny \u2013 birtok\u00e1ban v\u00e1llalkozhatunk. Ezeket t\u00f6bb b\u00fav\u00e1riskol\u00e1ban is meg lehet szerezni \u2013 az al\u00e1bbiakban megtudhatod, hogy mi\u00e9rt pont n\u00e1lunk \u00e9rdemes. Elk\u00eds\u00e9r\u00fcnk a kezd\u0151t\u0151l az oktat\u00f3i [&hellip;]\" \/>\n<meta property=\"og:url\" content=\"https:\/\/poszeidon-mentok.hu\/?page_id=83\" \/>\n<meta property=\"og:site_name\" content=\"Poszeidon Speci\u00e1lis Ment\u0151szolg\u00e1lat\" \/>\n<meta property=\"article:modified_time\" content=\"2026-02-03T06:34:44+00:00\" \/>\n<meta property=\"og:image\" content=\"https:\/\/poszeidon-mentok.hu\/wp-content\/uploads\/2024\/08\/Screenshot-2024-08-01-at-17-24-00-UEF-buvartanfolyam-buvar-buvaroktatas-buvar-oktatas-buvaroktato.png\" \/>\n<meta name=\"twitter:card\" content=\"summary_large_image\" \/>\n<meta name=\"twitter:label1\" content=\"Becs\u00fclt olvas\u00e1si id\u0151\" \/>\n\t<meta name=\"twitter:data1\" content=\"6 perc\" \/>\n<script type=\"application\/ld+json\" class=\"yoast-schema-graph\">{\"@context\":\"https:\/\/schema.org\",\"@graph\":[{\"@type\":\"WebPage\",\"@id\":\"https:\/\/poszeidon-mentok.hu\/?page_id=83\",\"url\":\"https:\/\/poszeidon-mentok.hu\/?page_id=83\",\"name\":\"UEF MINT B\u00daV\u00c1R SZERVEZET - Poszeidon Speci\u00e1lis Ment\u0151szolg\u00e1lat\",\"isPartOf\":{\"@id\":\"https:\/\/poszeidon-mentok.hu\/#website\"},\"primaryImageOfPage\":{\"@id\":\"https:\/\/poszeidon-mentok.hu\/?page_id=83#primaryimage\"},\"image\":{\"@id\":\"https:\/\/poszeidon-mentok.hu\/?page_id=83#primaryimage\"},\"thumbnailUrl\":\"https:\/\/poszeidon-mentok.hu\/wp-content\/uploads\/2024\/08\/Screenshot-2024-08-01-at-17-24-00-UEF-buvartanfolyam-buvar-buvaroktatas-buvar-oktatas-buvaroktato.png\",\"datePublished\":\"2025-04-24T16:19:58+00:00\",\"dateModified\":\"2026-02-03T06:34:44+00:00\",\"breadcrumb\":{\"@id\":\"https:\/\/poszeidon-mentok.hu\/?page_id=83#breadcrumb\"},\"inLanguage\":\"hu\",\"potentialAction\":[{\"@type\":\"ReadAction\",\"target\":[\"https:\/\/poszeidon-mentok.hu\/?page_id=83\"]}]},{\"@type\":\"ImageObject\",\"inLanguage\":\"hu\",\"@id\":\"https:\/\/poszeidon-mentok.hu\/?page_id=83#primaryimage\",\"url\":\"https:\/\/poszeidon-mentok.hu\/wp-content\/uploads\/2024\/08\/Screenshot-2024-08-01-at-17-24-00-UEF-buvartanfolyam-buvar-buvaroktatas-buvar-oktatas-buvaroktato.png\",\"contentUrl\":\"https:\/\/poszeidon-mentok.hu\/wp-content\/uploads\/2024\/08\/Screenshot-2024-08-01-at-17-24-00-UEF-buvartanfolyam-buvar-buvaroktatas-buvar-oktatas-buvaroktato.png\",\"width\":1014,\"height\":213},{\"@type\":\"BreadcrumbList\",\"@id\":\"https:\/\/poszeidon-mentok.hu\/?page_id=83#breadcrumb\",\"itemListElement\":[{\"@type\":\"ListItem\",\"position\":1,\"name\":\"Kezd\u0151lap\",\"item\":\"https:\/\/poszeidon-mentok.hu\/\"},{\"@type\":\"ListItem\",\"position\":2,\"name\":\"UEF MINT B\u00daV\u00c1R SZERVEZET\"}]},{\"@type\":\"WebSite\",\"@id\":\"https:\/\/poszeidon-mentok.hu\/#website\",\"url\":\"https:\/\/poszeidon-mentok.hu\/\",\"name\":\"Poszeidon Speci\u00e1lis Ment\u0151szolg\u00e1lat\",\"description\":\"\",\"publisher\":{\"@id\":\"https:\/\/poszeidon-mentok.hu\/#organization\"},\"potentialAction\":[{\"@type\":\"SearchAction\",\"target\":{\"@type\":\"EntryPoint\",\"urlTemplate\":\"https:\/\/poszeidon-mentok.hu\/?s={search_term_string}\"},\"query-input\":{\"@type\":\"PropertyValueSpecification\",\"valueRequired\":true,\"valueName\":\"search_term_string\"}}],\"inLanguage\":\"hu\"},{\"@type\":\"Organization\",\"@id\":\"https:\/\/poszeidon-mentok.hu\/#organization\",\"name\":\"Poszeidon Speci\u00e1lis Ment\u0151szolg\u00e1lat\",\"url\":\"https:\/\/poszeidon-mentok.hu\/\",\"logo\":{\"@type\":\"ImageObject\",\"inLanguage\":\"hu\",\"@id\":\"https:\/\/poszeidon-mentok.hu\/#\/schema\/logo\/image\/\",\"url\":\"https:\/\/poszeidon-mentok.hu\/wp-content\/uploads\/2024\/08\/logoalapitvmentoBELY.jpg\",\"contentUrl\":\"https:\/\/poszeidon-mentok.hu\/wp-content\/uploads\/2024\/08\/logoalapitvmentoBELY.jpg\",\"width\":841,\"height\":821,\"caption\":\"Poszeidon Speci\u00e1lis Ment\u0151szolg\u00e1lat\"},\"image\":{\"@id\":\"https:\/\/poszeidon-mentok.hu\/#\/schema\/logo\/image\/\"}}]}<\/script>\n<!-- \/ Yoast SEO plugin. -->","yoast_head_json":{"title":"UEF MINT B\u00daV\u00c1R     SZERVEZET - Poszeidon Speci\u00e1lis Ment\u0151szolg\u00e1lat","robots":{"index":"index","follow":"follow","max-snippet":"max-snippet:-1","max-image-preview":"max-image-preview:large","max-video-preview":"max-video-preview:-1"},"canonical":"https:\/\/poszeidon-mentok.hu\/?page_id=83","og_locale":"hu_HU","og_type":"article","og_title":"UEF MINT B\u00daV\u00c1R     SZERVEZET - Poszeidon Speci\u00e1lis Ment\u0151szolg\u00e1lat","og_description":"A biztons\u00e1gos mer\u00fcl\u00e9s felt\u00e9tele A tengerek m\u00e9ly\u00e9t biztons\u00e1gban felfedezhetj\u00fck, ha \u00fagy v\u00e1gunk neki a kalandnak, hogy megfelel\u0151 ismeretekkel \u00e9s gyakorlattal rendelkez\u00fcnk. Komolyabb mer\u00fcl\u00e9sekre csak szakk\u00e9pzetts\u00e9g \u2013 \u00e9s az ezt bizony\u00edt\u00f3 b\u00fav\u00e1rigazolv\u00e1ny \u2013 birtok\u00e1ban v\u00e1llalkozhatunk. Ezeket t\u00f6bb b\u00fav\u00e1riskol\u00e1ban is meg lehet szerezni \u2013 az al\u00e1bbiakban megtudhatod, hogy mi\u00e9rt pont n\u00e1lunk \u00e9rdemes. Elk\u00eds\u00e9r\u00fcnk a kezd\u0151t\u0151l az oktat\u00f3i [&hellip;]","og_url":"https:\/\/poszeidon-mentok.hu\/?page_id=83","og_site_name":"Poszeidon Speci\u00e1lis Ment\u0151szolg\u00e1lat","article_modified_time":"2026-02-03T06:34:44+00:00","og_image":[{"url":"https:\/\/poszeidon-mentok.hu\/wp-content\/uploads\/2024\/08\/Screenshot-2024-08-01-at-17-24-00-UEF-buvartanfolyam-buvar-buvaroktatas-buvar-oktatas-buvaroktato.png","type":"","width":"","height":""}],"twitter_card":"summary_large_image","twitter_misc":{"Becs\u00fclt olvas\u00e1si id\u0151":"6 perc"},"schema":{"@context":"https:\/\/schema.org","@graph":[{"@type":"WebPage","@id":"https:\/\/poszeidon-mentok.hu\/?page_id=83","url":"https:\/\/poszeidon-mentok.hu\/?page_id=83","name":"UEF MINT B\u00daV\u00c1R SZERVEZET - Poszeidon Speci\u00e1lis Ment\u0151szolg\u00e1lat","isPartOf":{"@id":"https:\/\/poszeidon-mentok.hu\/#website"},"primaryImageOfPage":{"@id":"https:\/\/poszeidon-mentok.hu\/?page_id=83#primaryimage"},"image":{"@id":"https:\/\/poszeidon-mentok.hu\/?page_id=83#primaryimage"},"thumbnailUrl":"https:\/\/poszeidon-mentok.hu\/wp-content\/uploads\/2024\/08\/Screenshot-2024-08-01-at-17-24-00-UEF-buvartanfolyam-buvar-buvaroktatas-buvar-oktatas-buvaroktato.png","datePublished":"2025-04-24T16:19:58+00:00","dateModified":"2026-02-03T06:34:44+00:00","breadcrumb":{"@id":"https:\/\/poszeidon-mentok.hu\/?page_id=83#breadcrumb"},"inLanguage":"hu","potentialAction":[{"@type":"ReadAction","target":["https:\/\/poszeidon-mentok.hu\/?page_id=83"]}]},{"@type":"ImageObject","inLanguage":"hu","@id":"https:\/\/poszeidon-mentok.hu\/?page_id=83#primaryimage","url":"https:\/\/poszeidon-mentok.hu\/wp-content\/uploads\/2024\/08\/Screenshot-2024-08-01-at-17-24-00-UEF-buvartanfolyam-buvar-buvaroktatas-buvar-oktatas-buvaroktato.png","contentUrl":"https:\/\/poszeidon-mentok.hu\/wp-content\/uploads\/2024\/08\/Screenshot-2024-08-01-at-17-24-00-UEF-buvartanfolyam-buvar-buvaroktatas-buvar-oktatas-buvaroktato.png","width":1014,"height":213},{"@type":"BreadcrumbList","@id":"https:\/\/poszeidon-mentok.hu\/?page_id=83#breadcrumb","itemListElement":[{"@type":"ListItem","position":1,"name":"Kezd\u0151lap","item":"https:\/\/poszeidon-mentok.hu\/"},{"@type":"ListItem","position":2,"name":"UEF MINT B\u00daV\u00c1R SZERVEZET"}]},{"@type":"WebSite","@id":"https:\/\/poszeidon-mentok.hu\/#website","url":"https:\/\/poszeidon-mentok.hu\/","name":"Poszeidon Speci\u00e1lis Ment\u0151szolg\u00e1lat","description":"","publisher":{"@id":"https:\/\/poszeidon-mentok.hu\/#organization"},"potentialAction":[{"@type":"SearchAction","target":{"@type":"EntryPoint","urlTemplate":"https:\/\/poszeidon-mentok.hu\/?s={search_term_string}"},"query-input":{"@type":"PropertyValueSpecification","valueRequired":true,"valueName":"search_term_string"}}],"inLanguage":"hu"},{"@type":"Organization","@id":"https:\/\/poszeidon-mentok.hu\/#organization","name":"Poszeidon Speci\u00e1lis Ment\u0151szolg\u00e1lat","url":"https:\/\/poszeidon-mentok.hu\/","logo":{"@type":"ImageObject","inLanguage":"hu","@id":"https:\/\/poszeidon-mentok.hu\/#\/schema\/logo\/image\/","url":"https:\/\/poszeidon-mentok.hu\/wp-content\/uploads\/2024\/08\/logoalapitvmentoBELY.jpg","contentUrl":"https:\/\/poszeidon-mentok.hu\/wp-content\/uploads\/2024\/08\/logoalapitvmentoBELY.jpg","width":841,"height":821,"caption":"Poszeidon Speci\u00e1lis Ment\u0151szolg\u00e1lat"},"image":{"@id":"https:\/\/poszeidon-mentok.hu\/#\/schema\/logo\/image\/"}}]}},"jetpack_sharing_enabled":true,"_links":{"self":[{"href":"https:\/\/poszeidon-mentok.hu\/index.php?rest_route=\/wp\/v2\/pages\/83","targetHints":{"allow":["GET"]}}],"collection":[{"href":"https:\/\/poszeidon-mentok.hu\/index.php?rest_route=\/wp\/v2\/pages"}],"about":[{"href":"https:\/\/poszeidon-mentok.hu\/index.php?rest_route=\/wp\/v2\/types\/page"}],"author":[{"embeddable":true,"href":"https:\/\/poszeidon-mentok.hu\/index.php?rest_route=\/wp\/v2\/users\/1"}],"replies":[{"embeddable":true,"href":"https:\/\/poszeidon-mentok.hu\/index.php?rest_route=%2Fwp%2Fv2%2Fcomments&post=83"}],"version-history":[{"count":8,"href":"https:\/\/poszeidon-mentok.hu\/index.php?rest_route=\/wp\/v2\/pages\/83\/revisions"}],"predecessor-version":[{"id":193,"href":"https:\/\/poszeidon-mentok.hu\/index.php?rest_route=\/wp\/v2\/pages\/83\/revisions\/193"}],"wp:attachment":[{"href":"https:\/\/poszeidon-mentok.hu\/index.php?rest_route=%2Fwp%2Fv2%2Fmedia&parent=83"}],"curies":[{"name":"wp","href":"https:\/\/api.w.org\/{rel}","templated":true}]}}